{"id":560,"date":"2025-07-18T09:37:06","date_gmt":"2025-07-18T09:37:06","guid":{"rendered":"https:\/\/www.palaciochiado.pt\/page-daccueil\/"},"modified":"2025-08-19T09:35:00","modified_gmt":"2025-08-19T09:35:00","slug":"page-daccueil","status":"publish","type":"page","link":"https:\/\/www.palaciochiado.pt\/fr\/","title":{"rendered":"Page d&rsquo;accueil"},"content":{"rendered":"\t\t<div data-elementor-type=\"wp-page\" data-elementor-id=\"560\" class=\"elementor elementor-560 elementor-2\" data-elementor-post-type=\"page\">\n\t\t\t\t<div class=\"elementor-element elementor-element-4baceec e-flex e-con-boxed e-con e-parent\" data-id=\"4baceec\" data-element_type=\"container\" data-e-type=\"container\" data-settings=\"{&quot;background_background&quot;:&quot;slideshow&quot;,&quot;background_slideshow_gallery&quot;:[{&quot;id&quot;:86,&quot;url&quot;:&quot;https:\\\/\\\/www.palaciochiado.pt\\\/wp-content\\\/uploads\\\/2025\\\/07\\\/fundo-palacio-chiado-1.webp&quot;},{&quot;id&quot;:87,&quot;url&quot;:&quot;https:\\\/\\\/www.palaciochiado.pt\\\/wp-content\\\/uploads\\\/2025\\\/07\\\/fundo-palacio-chiado-5.webp&quot;},{&quot;id&quot;:88,&quot;url&quot;:&quot;https:\\\/\\\/www.palaciochiado.pt\\\/wp-content\\\/uploads\\\/2025\\\/07\\\/fundo-palacio-chiado-3.webp&quot;},{&quot;id&quot;:89,&quot;url&quot;:&quot;https:\\\/\\\/www.palaciochiado.pt\\\/wp-content\\\/uploads\\\/2025\\\/07\\\/fundo-palacio-chiado-4.webp&quot;},{&quot;id&quot;:90,&quot;url&quot;:&quot;https:\\\/\\\/www.palaciochiado.pt\\\/wp-content\\\/uploads\\\/2025\\\/07\\\/fundo-palacio-chiado-2.webp&quot;},{&quot;id&quot;:91,&quot;url&quot;:&quot;https:\\\/\\\/www.palaciochiado.pt\\\/wp-content\\\/uploads\\\/2025\\\/07\\\/fundo-palacio-chiado-6.webp&quot;}],&quot;background_slideshow_slide_duration&quot;:3000,&quot;background_slideshow_ken_burns&quot;:&quot;yes&quot;,&quot;background_slideshow_loop&quot;:&quot;yes&quot;,&quot;background_slideshow_slide_transition&quot;:&quot;fade&quot;,&quot;background_slideshow_transition_duration&quot;:500,&quot;background_slideshow_ken_burns_zoom_direction&quot;:&quot;in&quot;}\">\n\t\t\t\t\t<div class=\"e-con-inner\">\n\t\t\t\t<div class=\"elementor-element elementor-element-92b5ae6 elementor-widget elementor-widget-heading\" data-id=\"92b5ae6\" data-element_type=\"widget\" data-e-type=\"widget\" data-widget_type=\"heading.default\">\n\t\t\t\t\t<h1 class=\"elementor-heading-title elementor-size-default\">BIENVENUE \u00c0<\/h1>\t\t\t\t<\/div>\n\t\t\t\t<div class=\"elementor-element elementor-element-282e302 elementor-widget elementor-widget-image\" data-id=\"282e302\" data-element_type=\"widget\" data-e-type=\"widget\" data-widget_type=\"image.default\">\n\t\t\t\t\t\t\t\t\t\t\t\t\t\t\t<img fetchpriority=\"high\" decoding=\"async\" width=\"810\" height=\"220\" src=\"https:\/\/www.palaciochiado.pt\/wp-content\/uploads\/2025\/07\/palacio-chiado.webp\" class=\"attachment-large size-large wp-image-1580\" alt=\"Logo Pal\u00e1cio Chiado Restaurant Bar\" srcset=\"https:\/\/www.palaciochiado.pt\/wp-content\/uploads\/2025\/07\/palacio-chiado.webp 810w, https:\/\/www.palaciochiado.pt\/wp-content\/uploads\/2025\/07\/palacio-chiado-768x209.webp 768w\" sizes=\"(max-width: 810px) 100vw, 810px\" \/>\t\t\t\t\t\t\t\t\t\t\t\t\t\t\t<\/div>\n\t\t\t\t\t<\/div>\n\t\t\t\t<\/div>\n\t\t<div class=\"elementor-element elementor-element-a30c78f e-flex e-con-boxed e-con e-parent\" data-id=\"a30c78f\" data-element_type=\"container\" data-e-type=\"container\">\n\t\t\t\t\t<div class=\"e-con-inner\">\n\t\t\t\t<div class=\"elementor-element elementor-element-961b1e8 elementor-widget elementor-widget-heading\" data-id=\"961b1e8\" data-element_type=\"widget\" data-e-type=\"widget\" data-widget_type=\"heading.default\">\n\t\t\t\t\t<h2 class=\"elementor-heading-title elementor-size-default\">Il s'agit de l'histoire la plus \u00e9pique de la litt\u00e9rature boh\u00e8me, sur la gastronomie et d'autres plaisirs de la vie, qui se d\u00e9roule dans un palais du XIXe si\u00e8cle.<\/h2>\t\t\t\t<\/div>\n\t\t\t\t<div class=\"elementor-element elementor-element-0285c1e elementor-widget elementor-widget-heading\" data-id=\"0285c1e\" data-element_type=\"widget\" data-e-type=\"widget\" data-widget_type=\"heading.default\">\n\t\t\t\t\t<h3 class=\"elementor-heading-title elementor-size-default\">Entre saveurs et histoires, d\u00e9couvrez le restaurant et bar le plus embl\u00e9matique du Chiado.<\/h3>\t\t\t\t<\/div>\n\t\t\t\t\t<\/div>\n\t\t\t\t<\/div>\n\t\t<div class=\"elementor-element elementor-element-ec3a716 e-con-full e-flex e-con e-parent\" data-id=\"ec3a716\" data-element_type=\"container\" data-e-type=\"container\">\n\t\t\t\t<div class=\"elementor-element elementor-element-7ab0a3a elementor-widget elementor-widget-image-carousel\" data-id=\"7ab0a3a\" data-element_type=\"widget\" data-e-type=\"widget\" data-settings=\"{&quot;slides_to_show&quot;:&quot;5&quot;,&quot;slides_to_scroll&quot;:&quot;1&quot;,&quot;slides_to_show_tablet&quot;:&quot;3&quot;,&quot;slides_to_show_mobile&quot;:&quot;2&quot;,&quot;navigation&quot;:&quot;none&quot;,&quot;lazyload&quot;:&quot;yes&quot;,&quot;autoplay_speed&quot;:2000,&quot;autoplay&quot;:&quot;yes&quot;,&quot;infinite&quot;:&quot;yes&quot;,&quot;speed&quot;:500}\" data-widget_type=\"image-carousel.default\">\n\t\t\t\t\t\t\t<div class=\"elementor-image-carousel-wrapper swiper\" role=\"region\" aria-roledescription=\"carousel\" aria-label=\"Carrossel de imagens\" dir=\"ltr\">\n\t\t\t<div class=\"elementor-image-carousel swiper-wrapper swiper-image-stretch\" aria-live=\"off\">\n\t\t\t\t\t\t\t\t<div class=\"swiper-slide\" role=\"group\" aria-roledescription=\"slide\" aria-label=\"1 sur 13\"><figure class=\"swiper-slide-inner\"><img class=\"swiper-slide-image swiper-lazy\" data-src=\"https:\/\/www.palaciochiado.pt\/wp-content\/uploads\/2025\/07\/palacio-chiado-galeria-03.webp\" alt=\"Bar Salla Pal\u00e1cio Chiado Restaurant Bar\" \/><div class=\"swiper-lazy-preloader\"><\/div><\/figure><\/div><div class=\"swiper-slide\" role=\"group\" aria-roledescription=\"slide\" aria-label=\"2 sur 13\"><figure class=\"swiper-slide-inner\"><img class=\"swiper-slide-image swiper-lazy\" data-src=\"https:\/\/www.palaciochiado.pt\/wp-content\/uploads\/2025\/07\/01-galeria-palacio-chiado-restaurante-bar.webp\" alt=\"Salas Pal\u00e1cio Chiado Restaurant Bar\" \/><div class=\"swiper-lazy-preloader\"><\/div><\/figure><\/div><div class=\"swiper-slide\" role=\"group\" aria-roledescription=\"slide\" aria-label=\"3 sur 13\"><figure class=\"swiper-slide-inner\"><img class=\"swiper-slide-image swiper-lazy\" data-src=\"https:\/\/www.palaciochiado.pt\/wp-content\/uploads\/2025\/07\/02-galeria-palacio-chiado-restaurante-bar.webp\" alt=\"Comida Vinho Pal\u00e1cio Chiado Restaurant Bar\" \/><div class=\"swiper-lazy-preloader\"><\/div><\/figure><\/div><div class=\"swiper-slide\" role=\"group\" aria-roledescription=\"slide\" aria-label=\"4 sur 13\"><figure class=\"swiper-slide-inner\"><img class=\"swiper-slide-image swiper-lazy\" data-src=\"https:\/\/www.palaciochiado.pt\/wp-content\/uploads\/2025\/07\/09-galeria-palacio-chiado-restaurante-bar.webp\" alt=\"Cocktail Pal\u00e1cio Chiado Restaurant Bar\" \/><div class=\"swiper-lazy-preloader\"><\/div><\/figure><\/div><div class=\"swiper-slide\" role=\"group\" aria-roledescription=\"slide\" aria-label=\"5 sur 13\"><figure class=\"swiper-slide-inner\"><img class=\"swiper-slide-image swiper-lazy\" data-src=\"https:\/\/www.palaciochiado.pt\/wp-content\/uploads\/2025\/07\/04-galeria-palacio-chiado-restaurante-bar.webp\" alt=\"Mesa Pal\u00e1cio Chiado Restaurant Bar\" \/><div class=\"swiper-lazy-preloader\"><\/div><\/figure><\/div><div class=\"swiper-slide\" role=\"group\" aria-roledescription=\"slide\" aria-label=\"6 sur 13\"><figure class=\"swiper-slide-inner\"><img class=\"swiper-slide-image swiper-lazy\" data-src=\"https:\/\/www.palaciochiado.pt\/wp-content\/uploads\/2025\/07\/palacio-chiado-galeria-02.webp\" alt=\"Bar Salla Pal\u00e1cio Chiado Restaurant Bar\" \/><div class=\"swiper-lazy-preloader\"><\/div><\/figure><\/div><div class=\"swiper-slide\" role=\"group\" aria-roledescription=\"slide\" aria-label=\"7 sur 13\"><figure class=\"swiper-slide-inner\"><img class=\"swiper-slide-image swiper-lazy\" data-src=\"https:\/\/www.palaciochiado.pt\/wp-content\/uploads\/2025\/07\/05-galeria-palacio-chiado-restaurante-bar.webp\" alt=\"Le\u00e3o Pal\u00e1cio Chiado Restaurant Bar\" \/><div class=\"swiper-lazy-preloader\"><\/div><\/figure><\/div><div class=\"swiper-slide\" role=\"group\" aria-roledescription=\"slide\" aria-label=\"8 sur 13\"><figure class=\"swiper-slide-inner\"><img class=\"swiper-slide-image swiper-lazy\" data-src=\"https:\/\/www.palaciochiado.pt\/wp-content\/uploads\/2025\/07\/03-galeria-palacio-chiado-restaurante-bar.webp\" alt=\"Carne Vaca Pal\u00e1cio Chiado Restaurant Bar\" \/><div class=\"swiper-lazy-preloader\"><\/div><\/figure><\/div><div class=\"swiper-slide\" role=\"group\" aria-roledescription=\"slide\" aria-label=\"9 sur 13\"><figure class=\"swiper-slide-inner\"><img class=\"swiper-slide-image swiper-lazy\" data-src=\"https:\/\/www.palaciochiado.pt\/wp-content\/uploads\/2025\/07\/07-galeria-palacio-chiado-restaurante-bar.webp\" alt=\"Pal\u00e1cio Chiado Restaurant Bar\" \/><div class=\"swiper-lazy-preloader\"><\/div><\/figure><\/div><div class=\"swiper-slide\" role=\"group\" aria-roledescription=\"slide\" aria-label=\"10 sur 13\"><figure class=\"swiper-slide-inner\"><img class=\"swiper-slide-image swiper-lazy\" data-src=\"https:\/\/www.palaciochiado.pt\/wp-content\/uploads\/2025\/07\/11-galeria-palacio-chiado-restaurante-bar.webp\" alt=\"Camar\u00f5es Pal\u00e1cio Chiado Restaurant Bar\" \/><div class=\"swiper-lazy-preloader\"><\/div><\/figure><\/div><div class=\"swiper-slide\" role=\"group\" aria-roledescription=\"slide\" aria-label=\"11 sur 13\"><figure class=\"swiper-slide-inner\"><img class=\"swiper-slide-image swiper-lazy\" data-src=\"https:\/\/www.palaciochiado.pt\/wp-content\/uploads\/2025\/07\/palacio-chiado-galeria-01.webp\" alt=\"Bar das Sabinas Pal\u00e1cio Chiado Restaurant Bar\" \/><div class=\"swiper-lazy-preloader\"><\/div><\/figure><\/div><div class=\"swiper-slide\" role=\"group\" aria-roledescription=\"slide\" aria-label=\"12 sur 13\"><figure class=\"swiper-slide-inner\"><img class=\"swiper-slide-image swiper-lazy\" data-src=\"https:\/\/www.palaciochiado.pt\/wp-content\/uploads\/2025\/07\/10-galeria-palacio-chiado-restaurante-bar.webp\" alt=\"Champagne Pal\u00e1cio Chiado Restaurant Bar\" \/><div class=\"swiper-lazy-preloader\"><\/div><\/figure><\/div><div class=\"swiper-slide\" role=\"group\" aria-roledescription=\"slide\" aria-label=\"13 sur 13\"><figure class=\"swiper-slide-inner\"><img class=\"swiper-slide-image swiper-lazy\" data-src=\"https:\/\/www.palaciochiado.pt\/wp-content\/uploads\/2025\/07\/13-galeria-palacio-chiado-restaurante-bar.webp\" alt=\"Ostras Pal\u00e1cio Chiado Restaurant Bar\" \/><div class=\"swiper-lazy-preloader\"><\/div><\/figure><\/div>\t\t\t<\/div>\n\t\t\t\t\t\t\t\n\t\t\t\t\t\t\t\t\t<\/div>\n\t\t\t\t\t\t<\/div>\n\t\t\t\t<\/div>\n\t\t<div class=\"elementor-element elementor-element-e53ca43 e-flex e-con-boxed e-con e-parent\" data-id=\"e53ca43\" data-element_type=\"container\" data-e-type=\"container\">\n\t\t\t\t\t<div class=\"e-con-inner\">\n\t\t\t\t<div class=\"elementor-element elementor-element-16406c2 elementor-widget elementor-widget-text-editor\" data-id=\"16406c2\" data-element_type=\"widget\" data-e-type=\"widget\" data-widget_type=\"text-editor.default\">\n\t\t\t\t\t\t\t\t\tPlus qu&rsquo;un symbole du patrimoine national, le Pal\u00e1cio Chiado est aujourd&rsquo;hui l&rsquo;un des meilleurs restaurants de Lisbonne, un incontournable pour ceux qui recherchent un d\u00eener raffin\u00e9 et authentique dans la capitale.\n<br class=\"\" \/><br class=\"\" \/>Au premier \u00e9tage, vous trouverez un restaurant sophistiqu\u00e9 o\u00f9 l&rsquo;architecture et l&rsquo;art du XVIIIe si\u00e8cle fusionnent avec la cr\u00e9ativit\u00e9 de la cuisine contemporaine. Ici, pass\u00e9 et pr\u00e9sent se rencontrent pour offrir une v\u00e9ritable exp\u00e9rience gastronomique. Id\u00e9al pour les amateurs de gastronomie ou pour ceux qui recherchent un restaurant gastronomique dans le Chiado, c&rsquo;est un espace o\u00f9 chaque d\u00e9tail compte.\n<br class=\"\" \/><br class=\"\" \/>Au rez-de-chauss\u00e9e, l&rsquo;irr\u00e9v\u00e9rencieux Bar SALLA est n\u00e9, un hommage \u00e0 la vie boh\u00e8me et dynamique de Lisbonne. Autrefois lieu des soir\u00e9es les plus extravagantes de l&rsquo;\u00e9lite, il est aujourd&rsquo;hui le point de rendez-vous de ceux qui recherchent des cocktails signature, des en-cas cr\u00e9atifs, des DJ renomm\u00e9s et une atmosph\u00e8re pleine de personnalit\u00e9. Plus qu&rsquo;un simple bar, SALLA est l&rsquo;un des espaces les plus sp\u00e9ciaux de Lisbonne pour les f\u00eates, les anniversaires, les d\u00eeners et les \u00e9v\u00e9nements priv\u00e9s, ou tout simplement pour c\u00e9l\u00e9brer la vie.\n<br class=\"\" \/><br class=\"\" \/>Du d\u00eener au toast final, le Pal\u00e1cio Chiado vous invite \u00e0 d\u00e9couvrir Lisbonne avec plus de saveurs, plus d&rsquo;histoire et beaucoup plus de style.\t\t\t\t\t\t\t\t<\/div>\n\t\t\t\t<div class=\"elementor-element elementor-element-d66a033 elementor-align-center elementor-widget elementor-widget-button\" data-id=\"d66a033\" data-element_type=\"widget\" data-e-type=\"widget\" data-widget_type=\"button.default\">\n\t\t\t\t\t\t\t\t\t\t<a class=\"elementor-button elementor-button-link elementor-size-sm\" href=\"\/fr\/histoire\">\n\t\t\t\t\t\t<span class=\"elementor-button-content-wrapper\">\n\t\t\t\t\t\t\t\t\t<span class=\"elementor-button-text\">APPRENDRE ENCORE PLUS<\/span>\n\t\t\t\t\t<\/span>\n\t\t\t\t\t<\/a>\n\t\t\t\t\t\t\t\t<\/div>\n\t\t\t\t\t<\/div>\n\t\t\t\t<\/div>\n\t\t<div class=\"elementor-element elementor-element-3ef7cce e-flex e-con-boxed e-con e-parent\" data-id=\"3ef7cce\" data-element_type=\"container\" data-e-type=\"container\" data-settings=\"{&quot;background_background&quot;:&quot;classic&quot;}\">\n\t\t\t\t\t<div class=\"e-con-inner\">\n\t\t\t\t<div class=\"elementor-element elementor-element-4c16630 elementor-widget elementor-widget-heading\" data-id=\"4c16630\" data-element_type=\"widget\" data-e-type=\"widget\" data-widget_type=\"heading.default\">\n\t\t\t\t\t<h2 class=\"elementor-heading-title elementor-size-default\">En hommage \u00e0 la vie boh\u00e8me lisbo\u00e8te, nous vous pr\u00e9sentons notre bar SALLA.<\/h2>\t\t\t\t<\/div>\n\t\t\t\t<div class=\"elementor-element elementor-element-9c89041 elementor-widget elementor-widget-text-editor\" data-id=\"9c89041\" data-element_type=\"widget\" data-e-type=\"widget\" data-widget_type=\"text-editor.default\">\n\t\t\t\t\t\t\t\t\t<p>Cet espace \u00e9tait l&rsquo;\u00e9picentre des c\u00e9l\u00e9brations les plus extravagantes de la capitale, des f\u00eates si m\u00e9morables qu&rsquo;elles ont donn\u00e9 naissance \u00e0 l&rsquo;expression \u00ab\u00a0Farrobod\u00f3\u00a0\u00bb, plus vivante que jamais chez SALLA.<\/p><p>Un lieu \u00e0 l&rsquo;\u00e9nergie stimulante, empreint d&rsquo;une forte dose de d\u00e9bauche entre cocktails, snacks, r\u00eaveries, \u00e9vasion, partage, d\u00e9couverte et aventure.<\/p>\t\t\t\t\t\t\t\t<\/div>\n\t\t\t\t<div class=\"elementor-element elementor-element-671e0c9 elementor-align-center elementor-widget elementor-widget-button\" data-id=\"671e0c9\" data-element_type=\"widget\" data-e-type=\"widget\" data-widget_type=\"button.default\">\n\t\t\t\t\t\t\t\t\t\t<a class=\"elementor-button elementor-button-link elementor-size-sm\" href=\"\/fr\/bar-salla\">\n\t\t\t\t\t\t<span class=\"elementor-button-content-wrapper\">\n\t\t\t\t\t\t\t\t\t<span class=\"elementor-button-text\">VOIR BAR SALLA<\/span>\n\t\t\t\t\t<\/span>\n\t\t\t\t\t<\/a>\n\t\t\t\t\t\t\t\t<\/div>\n\t\t\t\t\t<\/div>\n\t\t\t\t<\/div>\n\t\t\t\t<\/div>\n\t\t","protected":false},"excerpt":{"rendered":"<p>BIENVENUE \u00c0 Il s&rsquo;agit de l&rsquo;histoire la plus \u00e9pique de la litt\u00e9rature boh\u00e8me, sur la gastronomie et d&rsquo;autres plaisirs de la vie, qui se d\u00e9roule dans un palais du XIXe si\u00e8cle. Entre saveurs et histoires, d\u00e9couvrez le restaurant et bar le plus embl\u00e9matique du Chiado. Plus qu&rsquo;un symbole du patrimoine national, le Pal\u00e1cio Chiado est [&hellip;]<\/p>\n","protected":false},"author":1,"featured_media":0,"parent":0,"menu_order":0,"comment_status":"closed","ping_status":"closed","template":"elementor_header_footer","meta":{"footnotes":""},"class_list":["post-560","page","type-page","status-publish","hentry"],"_links":{"self":[{"href":"https:\/\/www.palaciochiado.pt\/fr\/wp-json\/wp\/v2\/pages\/560","targetHints":{"allow":["GET"]}}],"collection":[{"href":"https:\/\/www.palaciochiado.pt\/fr\/wp-json\/wp\/v2\/pages"}],"about":[{"href":"https:\/\/www.palaciochiado.pt\/fr\/wp-json\/wp\/v2\/types\/page"}],"author":[{"embeddable":true,"href":"https:\/\/www.palaciochiado.pt\/fr\/wp-json\/wp\/v2\/users\/1"}],"replies":[{"embeddable":true,"href":"https:\/\/www.palaciochiado.pt\/fr\/wp-json\/wp\/v2\/comments?post=560"}],"version-history":[{"count":14,"href":"https:\/\/www.palaciochiado.pt\/fr\/wp-json\/wp\/v2\/pages\/560\/revisions"}],"predecessor-version":[{"id":1695,"href":"https:\/\/www.palaciochiado.pt\/fr\/wp-json\/wp\/v2\/pages\/560\/revisions\/1695"}],"wp:attachment":[{"href":"https:\/\/www.palaciochiado.pt\/fr\/wp-json\/wp\/v2\/media?parent=560"}],"curies":[{"name":"wp","href":"https:\/\/api.w.org\/{rel}","templated":true}]}}